{"id":197,"date":"2020-03-06T11:47:00","date_gmt":"2020-03-06T10:47:00","guid":{"rendered":"http:\/\/schmiedeparadies.de\/?page_id=197"},"modified":"2020-03-07T09:56:44","modified_gmt":"2020-03-07T08:56:44","slug":"unser-schmiede","status":"publish","type":"page","link":"https:\/\/schmiedeparadies.de\/?page_id=197","title":{"rendered":"Unsere Schmiede"},"content":{"rendered":"\n<p><strong>Die Outdoor Schmiede<\/strong><br> Die Outdoor Schmiede (LUHU) ist ein Nachbau einer Traditionellen Westafrikanischen Schmiede.<br>  Zwei Schmiede aus Burkina Faso haben zusammen mit Andreas Rimkus diese  in Europa einmalige Schmiede  2018 im Ideengarten des K\u00fcnstlers  errichtet.<br> Die Schmiede bietet Platz f\u00fcr 10 Personen.<br>  Es gibt auch eine originale Westafrikanische Schmiede im LUHU mit  Handblasebalg und einem Amboss auf der Erde, denn in Afrika sitzt der  Schmied bei der Arbeit auf der Erde.<\/p>\n\n\n\n<p>Die Schmiedekurse werden von dem K\u00fcnstler Andreas Rimkus geleitet. www.ideenkunst.de<br> <br> <br> <br> <br> Die Kleidung muss jeder Teilnehmer der Witterung entsprechend selber mit bringen.<br> Handschuhe und Schutzbrille werden gestellt.<br> Kaffee und Tee gibt es auch.<br> F\u00fcr mehrt\u00e4gige Kurse, stehen in Springe viele \u00dcbernachtungsm\u00f6glichkeiten zur Verf\u00fcgung. <\/p>\n\n\n\n<p><a href=\"http:\/\/schmiedeparadies.de\/?page_id=175\">Zu den M\u00e4rchenlesungen<\/a><\/p>\n","protected":false},"excerpt":{"rendered":"<p>Die Outdoor Schmiede Die Outdoor Schmiede (LUHU) ist ein Nachbau einer Traditionellen Westafrikanischen Schmiede. Zwei Schmiede aus Burkina Faso haben zusammen mit Andreas Rimkus diese in Europa einmalige Schmiede 2018 im Ideengarten des K\u00fcnstlers errichtet. Die Schmiede bietet Platz f\u00fcr 10 Personen. Es gibt auch eine originale Westafrikanische Schmiede im LUHU mit Handblasebalg und einem &hellip; <\/p>\n<p class=\"link-more\"><a href=\"https:\/\/schmiedeparadies.de\/?page_id=197\" class=\"more-link\"><span class=\"screen-reader-text\">\u201eUnsere Schmiede\u201c<\/span> weiterlesen<\/a><\/p>\n","protected":false},"author":1,"featured_media":210,"parent":0,"menu_order":0,"comment_status":"closed","ping_status":"closed","template":"","meta":{"ngg_post_thumbnail":0},"_links":{"self":[{"href":"https:\/\/schmiedeparadies.de\/index.php?rest_route=\/wp\/v2\/pages\/197"}],"collection":[{"href":"https:\/\/schmiedeparadies.de\/index.php?rest_route=\/wp\/v2\/pages"}],"about":[{"href":"https:\/\/schmiedeparadies.de\/index.php?rest_route=\/wp\/v2\/types\/page"}],"author":[{"embeddable":true,"href":"https:\/\/schmiedeparadies.de\/index.php?rest_route=\/wp\/v2\/users\/1"}],"replies":[{"embeddable":true,"href":"https:\/\/schmiedeparadies.de\/index.php?rest_route=%2Fwp%2Fv2%2Fcomments&post=197"}],"version-history":[{"count":0,"href":"https:\/\/schmiedeparadies.de\/index.php?rest_route=\/wp\/v2\/pages\/197\/revisions"}],"wp:featuredmedia":[{"embeddable":true,"href":"https:\/\/schmiedeparadies.de\/index.php?rest_route=\/wp\/v2\/media\/210"}],"wp:attachment":[{"href":"https:\/\/schmiedeparadies.de\/index.php?rest_route=%2Fwp%2Fv2%2Fmedia&parent=197"}],"curies":[{"name":"wp","href":"https:\/\/api.w.org\/{rel}","templated":true}]}}