{"id":194,"date":"2020-03-06T11:41:25","date_gmt":"2020-03-06T10:41:25","guid":{"rendered":"http:\/\/schmiedeparadies.de\/?page_id=194"},"modified":"2020-12-27T23:01:44","modified_gmt":"2020-12-27T22:01:44","slug":"datenschutzerklaerung-2","status":"publish","type":"page","link":"https:\/\/schmiedeparadies.de\/?page_id=194","title":{"rendered":"Datenschutzerkl\u00e4rung"},"content":{"rendered":"\n<h2>Datenschutzerkl\u00e4rung<\/h2>\n\n\n\n<p>Diese \nDatenschutzerkl\u00e4rung kl\u00e4rt Sie \u00fcber die Art, den Umfang und Zweck der \nVerarbeitung von personenbezogenen Daten (nachfolgend kurz \u201eDaten\u201c) \ninnerhalb unseres Onlineangebotes und der mit ihm verbundenen Webseiten,\n Funktionen und Inhalte sowie externen Onlinepr\u00e4senzen, wie z.B. unser \nSocial Media Profile auf (nachfolgend gemeinsam bezeichnet als \n\u201eOnlineangebot\u201c). Im Hinblick auf die verwendeten Begrifflichkeiten, wie\n z.B. \u201eVerarbeitung\u201c oder \u201eVerantwortlicher\u201c verweisen wir auf die \nDefinitionen im Art. 4 der Datenschutzgrundverordnung (DSGVO).<br>\n<br>\n<\/p>\n\n\n\n<h3 id=\"dsg-general-controller\">Verantwortlicher<\/h3>\n\n\n\n<p>Andreas Rimkus<br>\nWeg zur Kunst 2<br>\n31832 Springe<br>\nrimkus@ideenkunst.de<br>\nhttp:\/\/www.ideenkunst.de\/impress.htm<\/p>\n\n\n\n<h3 id=\"dsg-general-datatype\">Arten der verarbeiteten Daten:<\/h3>\n\n\n\n<p>&#8211;\tBestandsdaten (z.B., Namen, Adressen).<br>\n&#8211;\tKontaktdaten (z.B., E-Mail, Telefonnummern).<br>\n&#8211;\tInhaltsdaten (z.B., Texteingaben, Fotografien, Videos).<br>\n&#8211;\tNutzungsdaten (z.B., besuchte Webseiten, Interesse an Inhalten, Zugriffszeiten).<br>\n&#8211;\tMeta-\/Kommunikationsdaten (z.B., Ger\u00e4te-Informationen, IP-Adressen).<br>\n<\/p>\n\n\n\n<h3 id=\"dsg-general-datasubjects\">Kategorien betroffener Personen<\/h3>\n\n\n\n<p>Besucher und Nutzer des Onlineangebotes (Nachfolgend bezeichnen wir die betroffenen Personen zusammenfassend auch als \u201eNutzer\u201c).<br>\n<\/p>\n\n\n\n<h3 id=\"dsg-general-purpose\">Zweck der Verarbeitung<\/h3>\n\n\n\n<p>&#8211;\tZurverf\u00fcgungstellung des Onlineangebotes, seiner Funktionen und  Inhalte.<br>\n&#8211;\tBeantwortung von Kontaktanfragen und Kommunikation mit Nutzern.<br>\n&#8211;\tSicherheitsma\u00dfnahmen.<br>\n&#8211;\tReichweitenmessung\/Marketing<br>\n<\/p>\n\n\n\n<h3 id=\"dsg-general-terms\">Verwendete Begrifflichkeiten <\/h3>\n\n\n\n<p>\u201ePersonenbezogene\n Daten\u201c sind alle Informationen, die sich auf eine identifizierte oder \nidentifizierbare nat\u00fcrliche Person (im Folgenden \u201ebetroffene Person\u201c) \nbeziehen; als identifizierbar wird eine nat\u00fcrliche Person angesehen, die\n direkt oder indirekt, insbesondere mittels Zuordnung zu einer Kennung \nwie einem Namen, zu einer Kennnummer, zu Standortdaten, zu einer \nOnline-Kennung (z.B. Cookie) oder zu einem oder mehreren besonderen \nMerkmalen identifiziert werden kann, die Ausdruck der physischen, \nphysiologischen, genetischen, psychischen, wirtschaftlichen, kulturellen\n oder sozialen Identit\u00e4t dieser nat\u00fcrlichen Person sind.<br>\n<br>\n\u201eVerarbeitung\u201c ist jeder mit oder ohne Hilfe automatisierter Verfahren \nausgef\u00fchrte Vorgang oder jede solche Vorgangsreihe im Zusammenhang mit \npersonenbezogenen Daten. Der Begriff reicht weit und umfasst praktisch \njeden Umgang mit Daten.<br>\n<br>\n\u201ePseudonymisierung\u201c die Verarbeitung personenbezogener Daten in einer \nWeise, dass die personenbezogenen Daten ohne Hinzuziehung zus\u00e4tzlicher \nInformationen nicht mehr einer spezifischen betroffenen Person \nzugeordnet werden k\u00f6nnen, sofern diese zus\u00e4tzlichen Informationen \ngesondert aufbewahrt werden und technischen und organisatorischen \nMa\u00dfnahmen unterliegen, die gew\u00e4hrleisten, dass die personenbezogenen \nDaten nicht einer identifizierten oder identifizierbaren nat\u00fcrlichen \nPerson zugewiesen werden.<br>\n<br>\n\u201eProfiling\u201c jede Art der automatisierten Verarbeitung personenbezogener \nDaten, die darin besteht, dass diese personenbezogenen Daten verwendet \nwerden, um bestimmte pers\u00f6nliche Aspekte, die sich auf eine nat\u00fcrliche \nPerson beziehen, zu bewerten, insbesondere um Aspekte bez\u00fcglich \nArbeitsleistung, wirtschaftliche Lage, Gesundheit, pers\u00f6nliche \nVorlieben, Interessen, Zuverl\u00e4ssigkeit, Verhalten, Aufenthaltsort oder \nOrtswechsel dieser nat\u00fcrlichen Person zu analysieren oder vorherzusagen.<br>\n<br>\nAls \u201eVerantwortlicher\u201c wird die nat\u00fcrliche oder juristische Person, \nBeh\u00f6rde, Einrichtung oder andere Stelle, die allein oder gemeinsam mit \nanderen \u00fcber die Zwecke und Mittel der Verarbeitung von \npersonenbezogenen Daten entscheidet, bezeichnet.<br>\n<br>\n\u201eAuftragsverarbeiter\u201c eine nat\u00fcrliche oder juristische Person, Beh\u00f6rde, \nEinrichtung oder andere Stelle, die personenbezogene Daten im Auftrag \ndes Verantwortlichen verarbeitet.<br>\n<\/p>\n\n\n\n<h3 id=\"dsg-general-legalbasis\">Ma\u00dfgebliche Rechtsgrundlagen<\/h3>\n\n\n\n<p>Nach\n Ma\u00dfgabe des Art. 13 DSGVO teilen wir Ihnen die Rechtsgrundlagen unserer\n Datenverarbeitungen mit. Sofern die Rechtsgrundlage in der \nDatenschutzerkl\u00e4rung nicht genannt wird, gilt Folgendes: Die \nRechtsgrundlage f\u00fcr die Einholung von Einwilligungen ist Art. 6 Abs. 1 \nlit. a und Art. 7 DSGVO, die Rechtsgrundlage f\u00fcr die Verarbeitung zur \nErf\u00fcllung unserer Leistungen und Durchf\u00fchrung vertraglicher Ma\u00dfnahmen \nsowie Beantwortung von Anfragen ist Art. 6 Abs. 1 lit. b DSGVO, die \nRechtsgrundlage f\u00fcr die Verarbeitung zur Erf\u00fcllung unserer rechtlichen \nVerpflichtungen ist Art. 6 Abs. 1 lit. c DSGVO, und die Rechtsgrundlage \nf\u00fcr die Verarbeitung zur Wahrung unserer berechtigten Interessen ist \nArt. 6 Abs. 1 lit. f DSGVO. F\u00fcr den Fall, dass lebenswichtige Interessen\n der betroffenen Person oder einer anderen nat\u00fcrlichen Person eine \nVerarbeitung personenbezogener Daten erforderlich machen, dient Art. 6 \nAbs. 1 lit. d DSGVO als Rechtsgrundlage.<\/p>\n\n\n\n<h3 id=\"dsg-general-securitymeasures\">Sicherheitsma\u00dfnahmen<\/h3>\n\n\n\n<p>Wir\n treffen nach Ma\u00dfgabe des Art. 32 DSGVO unter Ber\u00fccksichtigung des \nStands der Technik, der Implementierungskosten und der Art, des Umfangs,\n der Umst\u00e4nde und der Zwecke der Verarbeitung sowie der \nunterschiedlichen Eintrittswahrscheinlichkeit und Schwere des Risikos \nf\u00fcr die Rechte und Freiheiten nat\u00fcrlicher Personen, geeignete technische\n und organisatorische Ma\u00dfnahmen, um ein dem Risiko angemessenes \nSchutzniveau zu gew\u00e4hrleisten.<br>\n<br>\nZu den Ma\u00dfnahmen geh\u00f6ren insbesondere die Sicherung der Vertraulichkeit,\n Integrit\u00e4t und Verf\u00fcgbarkeit von Daten durch Kontrolle des physischen \nZugangs zu den Daten, als auch des sie betreffenden Zugriffs, der \nEingabe, Weitergabe, der Sicherung der Verf\u00fcgbarkeit und ihrer Trennung.\n Des Weiteren haben wir Verfahren eingerichtet, die eine Wahrnehmung von\n Betroffenenrechten, L\u00f6schung von Daten und Reaktion auf Gef\u00e4hrdung der \nDaten gew\u00e4hrleisten. Ferner ber\u00fccksichtigen wir den Schutz \npersonenbezogener Daten bereits bei der Entwicklung, bzw. Auswahl von \nHardware, Software sowie Verfahren, entsprechend dem Prinzip des \nDatenschutzes durch Technikgestaltung und durch datenschutzfreundliche \nVoreinstellungen (Art. 25 DSGVO).<br>\n<\/p>\n\n\n\n<h3 id=\"dsg-general-coprocessing\">Zusammenarbeit mit Auftragsverarbeitern und Dritten<\/h3>\n\n\n\n<p>Sofern\n wir im Rahmen unserer Verarbeitung Daten gegen\u00fcber anderen Personen und\n Unternehmen (Auftragsverarbeitern oder Dritten) offenbaren, sie an \ndiese \u00fcbermitteln oder ihnen sonst Zugriff auf die Daten gew\u00e4hren, \nerfolgt dies nur auf Grundlage einer gesetzlichen Erlaubnis (z.B. wenn \neine \u00dcbermittlung der Daten an Dritte, wie an Zahlungsdienstleister, \ngem. Art. 6 Abs. 1 lit. b DSGVO zur Vertragserf\u00fcllung erforderlich ist),\n Sie eingewilligt haben, eine rechtliche Verpflichtung dies vorsieht \noder auf Grundlage unserer berechtigten Interessen (z.B. beim Einsatz \nvon Beauftragten, Webhostern, etc.). <br>\n<br>\nSofern wir Dritte mit der Verarbeitung von Daten auf Grundlage eines \nsog. \u201eAuftragsverarbeitungsvertrages\u201c beauftragen, geschieht dies auf \nGrundlage des Art. 28 DSGVO.<\/p>\n\n\n\n<h3 id=\"dsg-general-thirdparty\">\u00dcbermittlungen in Drittl\u00e4nder<\/h3>\n\n\n\n<p>Sofern\n wir Daten in einem Drittland (d.h. au\u00dferhalb der Europ\u00e4ischen Union \n(EU) oder des Europ\u00e4ischen Wirtschaftsraums (EWR)) verarbeiten oder dies\n im Rahmen der Inanspruchnahme von Diensten Dritter oder Offenlegung, \nbzw. \u00dcbermittlung von Daten an Dritte geschieht, erfolgt dies nur, wenn \nes zur Erf\u00fcllung unserer (vor)vertraglichen Pflichten, auf Grundlage \nIhrer Einwilligung, aufgrund einer rechtlichen Verpflichtung oder auf \nGrundlage unserer berechtigten Interessen geschieht. Vorbehaltlich \ngesetzlicher oder vertraglicher Erlaubnisse, verarbeiten oder lassen wir\n die Daten in einem Drittland nur beim Vorliegen der besonderen \nVoraussetzungen der Art. 44 ff. DSGVO verarbeiten. D.h. die Verarbeitung\n erfolgt z.B. auf Grundlage besonderer Garantien, wie der offiziell \nanerkannten Feststellung eines der EU entsprechenden Datenschutzniveaus \n(z.B. f\u00fcr die USA durch das \u201ePrivacy Shield\u201c) oder Beachtung offiziell \nanerkannter spezieller vertraglicher Verpflichtungen (so genannte \n\u201eStandardvertragsklauseln\u201c).<\/p>\n\n\n\n<h3 id=\"dsg-general-rightssubject\">Rechte der betroffenen Personen<\/h3>\n\n\n\n<p>Sie\n haben das Recht, eine Best\u00e4tigung dar\u00fcber zu verlangen, ob betreffende \nDaten verarbeitet werden und auf Auskunft \u00fcber diese Daten sowie auf \nweitere Informationen und Kopie der Daten entsprechend Art. 15 DSGVO.<br>\n<br>\nSie haben entsprechend. Art. 16 DSGVO das Recht, die Vervollst\u00e4ndigung \nder Sie betreffenden Daten oder die Berichtigung der Sie betreffenden \nunrichtigen Daten zu verlangen.<br>\n<br>\nSie haben nach Ma\u00dfgabe des Art. 17 DSGVO das Recht zu verlangen, dass \nbetreffende Daten unverz\u00fcglich gel\u00f6scht werden, bzw. alternativ nach \nMa\u00dfgabe des Art. 18 DSGVO eine Einschr\u00e4nkung der Verarbeitung der Daten \nzu verlangen.<br>\n<br>\nSie haben das Recht zu verlangen, dass die Sie betreffenden Daten, die \nSie uns bereitgestellt haben nach Ma\u00dfgabe des Art. 20 DSGVO zu erhalten \nund deren \u00dcbermittlung an andere Verantwortliche zu fordern. <br>\n<br>\nSie haben ferner gem. Art. 77 DSGVO das Recht, eine Beschwerde bei der zust\u00e4ndigen Aufsichtsbeh\u00f6rde einzureichen.<\/p>\n\n\n\n<h3 id=\"dsg-general-revokeconsent\">Widerrufsrecht<\/h3>\n\n\n\n<p>Sie haben das Recht, erteilte Einwilligungen gem. Art. 7 Abs. 3 DSGVO mit Wirkung f\u00fcr die Zukunft zu widerrufen<\/p>\n\n\n\n<h3 id=\"dsg-general-object\">Widerspruchsrecht<\/h3>\n\n\n\n<p>Sie\n k\u00f6nnen der k\u00fcnftigen Verarbeitung der Sie betreffenden Daten nach \nMa\u00dfgabe des Art. 21 DSGVO jederzeit widersprechen. Der Widerspruch kann \ninsbesondere gegen die Verarbeitung f\u00fcr Zwecke der Direktwerbung \nerfolgen.<\/p>\n\n\n\n<h3 id=\"dsg-general-cookies\">Cookies und Widerspruchsrecht bei Direktwerbung<\/h3>\n\n\n\n<p>Als\n \u201eCookies\u201c werden kleine Dateien bezeichnet, die auf Rechnern der Nutzer\n gespeichert werden. Innerhalb der Cookies k\u00f6nnen unterschiedliche \nAngaben gespeichert werden. Ein Cookie dient prim\u00e4r dazu, die Angaben zu\n einem Nutzer (bzw. dem Ger\u00e4t auf dem das Cookie gespeichert ist) \nw\u00e4hrend oder auch nach seinem Besuch innerhalb eines Onlineangebotes zu \nspeichern. Als tempor\u00e4re Cookies, bzw. \u201eSession-Cookies\u201c oder \n\u201etransiente Cookies\u201c, werden Cookies bezeichnet, die gel\u00f6scht werden, \nnachdem ein Nutzer ein Onlineangebot verl\u00e4sst und seinen Browser \nschlie\u00dft. In einem solchen Cookie kann z.B. der Inhalt eines Warenkorbs \nin einem Onlineshop oder ein Login-Status gespeichert werden. Als \n\u201epermanent\u201c oder \u201epersistent\u201c werden Cookies bezeichnet, die auch nach \ndem Schlie\u00dfen des Browsers gespeichert bleiben. So kann z.B. der \nLogin-Status gespeichert werden, wenn die Nutzer diese nach mehreren \nTagen aufsuchen. Ebenso k\u00f6nnen in einem solchen Cookie die Interessen \nder Nutzer gespeichert werden, die f\u00fcr Reichweitenmessung oder \nMarketingzwecke verwendet werden. Als \u201eThird-Party-Cookie\u201c werden \nCookies bezeichnet, die von anderen Anbietern als dem Verantwortlichen, \nder das Onlineangebot betreibt, angeboten werden (andernfalls, wenn es \nnur dessen Cookies sind spricht man von \u201eFirst-Party Cookies\u201c).<br>\n<br>\nWir k\u00f6nnen tempor\u00e4re und permanente Cookies einsetzen und kl\u00e4ren hier\u00fcber im Rahmen unserer Datenschutzerkl\u00e4rung auf.<br>\n<br>\nFalls die Nutzer nicht m\u00f6chten, dass Cookies auf ihrem Rechner \ngespeichert werden, werden sie gebeten die entsprechende Option in den \nSystemeinstellungen ihres Browsers zu deaktivieren. Gespeicherte Cookies\n k\u00f6nnen in den Systemeinstellungen des Browsers gel\u00f6scht werden. Der \nAusschluss von Cookies kann zu Funktionseinschr\u00e4nkungen dieses \nOnlineangebotes f\u00fchren.<br>\n<br>\nEin genereller Widerspruch gegen den Einsatz der zu Zwecken des \nOnlinemarketing eingesetzten Cookies kann bei einer Vielzahl der \nDienste, vor allem im Fall des Trackings, \u00fcber die US-amerikanische \nSeite <a href=\"http:\/\/www.aboutads.info\/choices\/\">http:\/\/www.aboutads.info\/choices\/<\/a> oder die EU-Seite <a href=\"http:\/\/www.youronlinechoices.com\/\">http:\/\/www.youronlinechoices.com\/<\/a>\n erkl\u00e4rt werden. Des Weiteren kann die Speicherung von Cookies mittels \nderen Abschaltung in den Einstellungen des Browsers erreicht werden. \nBitte beachten Sie, dass dann gegebenenfalls nicht alle Funktionen \ndieses Onlineangebotes genutzt werden k\u00f6nnen.<\/p>\n\n\n\n<h3 id=\"dsg-general-erasure\">L\u00f6schung von Daten<\/h3>\n\n\n\n<p>Die\n von uns verarbeiteten Daten werden nach Ma\u00dfgabe der Art. 17 und 18 \nDSGVO gel\u00f6scht oder in ihrer Verarbeitung eingeschr\u00e4nkt. Sofern nicht im\n Rahmen dieser Datenschutzerkl\u00e4rung ausdr\u00fccklich angegeben, werden die \nbei uns gespeicherten Daten gel\u00f6scht, sobald sie f\u00fcr ihre \nZweckbestimmung nicht mehr erforderlich sind und der L\u00f6schung keine \ngesetzlichen Aufbewahrungspflichten entgegenstehen. Sofern die Daten \nnicht gel\u00f6scht werden, weil sie f\u00fcr andere und gesetzlich zul\u00e4ssige \nZwecke erforderlich sind, wird deren Verarbeitung eingeschr\u00e4nkt. D.h. \ndie Daten werden gesperrt und nicht f\u00fcr andere Zwecke verarbeitet. Das \ngilt z.B. f\u00fcr Daten, die aus handels- oder steuerrechtlichen Gr\u00fcnden \naufbewahrt werden m\u00fcssen.<br>\n<br>\nNach gesetzlichen Vorgaben in Deutschland, erfolgt die Aufbewahrung \ninsbesondere f\u00fcr 10 Jahre gem\u00e4\u00df \u00a7\u00a7 147 Abs. 1 AO, 257 Abs. 1 Nr. 1 und \n4, Abs. 4 HGB (B\u00fccher, Aufzeichnungen, Lageberichte, Buchungsbelege, \nHandelsb\u00fccher, f\u00fcr Besteuerung relevanter Unterlagen, etc.) und 6 Jahre \ngem\u00e4\u00df \u00a7 257 Abs. 1 Nr. 2 und 3, Abs. 4 HGB (Handelsbriefe). <br>\n<br>\nNach gesetzlichen Vorgaben in \u00d6sterreich erfolgt die Aufbewahrung \ninsbesondere f\u00fcr 7 J gem\u00e4\u00df \u00a7 132 Abs. 1 BAO (Buchhaltungsunterlagen, \nBelege\/Rechnungen, Konten, Belege, Gesch\u00e4ftspapiere, Aufstellung der \nEinnahmen und Ausgaben, etc.), f\u00fcr 22 Jahre im Zusammenhang mit \nGrundst\u00fccken und f\u00fcr 10 Jahre bei Unterlagen im Zusammenhang mit \nelektronisch erbrachten Leistungen, Telekommunikations-, Rundfunk- und \nFernsehleistungen, die an Nichtunternehmer in EU-Mitgliedstaaten \nerbracht werden und f\u00fcr die der Mini-One-Stop-Shop (MOSS) in Anspruch \ngenommen wird.<\/p>\n\n\n\n<h3 id=\"dsg-services-agency\">Agenturdienstleistungen<\/h3>\n\n\n\n<p>Wir\n verarbeiten die Daten unserer Kunden im Rahmen unserer vertraglichen \nLeistungen zu denen konzeptionelle und strategische Beratung, \nKampagnenplanung, Software- und Designentwicklung\/-beratung oder Pflege,\n Umsetzung von Kampagnen und Prozessen\/ Handling, Serveradministration, \nDatenanalyse\/ Beratungsleistungen und Schulungsleistungen geh\u00f6ren.<br>\n<br>\nHierbei verarbeiten wir Bestandsdaten (z.B., Kundenstammdaten, wie Namen\n oder Adressen), Kontaktdaten (z.B., E-Mail, Telefonnummern), \nInhaltsdaten (z.B., Texteingaben, Fotografien, Videos), Vertragsdaten \n(z.B., Vertragsgegenstand, Laufzeit), Zahlungsdaten (z.B., \nBankverbindung, Zahlungshistorie), Nutzungs- und Metadaten (z.B. im \nRahmen der Auswertung und Erfolgsmessung von Marketingma\u00dfnahmen). \nBesondere Kategorien personenbezogener Daten verarbeiten wir \ngrunds\u00e4tzlich nicht, au\u00dfer wenn diese Bestandteile einer beauftragten \nVerarbeitung sind. Zu den Betroffenen geh\u00f6ren unsere Kunden, \nInteressenten sowie deren Kunden, Nutzer, Websitebesucher oder \nMitarbeiter sowie Dritte. Der Zweck der Verarbeitung besteht in der \nErbringung von Vertragsleistungen, Abrechnung und unserem Kundenservice.\n Die Rechtsgrundlagen der Verarbeitung ergeben sich aus Art. 6 Abs. 1 \nlit. b DSGVO (vertragliche Leistungen), Art. 6 Abs. 1 lit. f DSGVO \n(Analyse, Statistik, Optimierung, Sicherheitsma\u00dfnahmen). Wir verarbeiten\n Daten, die zur Begr\u00fcndung und Erf\u00fcllung der vertraglichen Leistungen \nerforderlich sind und weisen auf die Erforderlichkeit ihrer Angabe hin. \nEine Offenlegung an Externe erfolgt nur, wenn sie im Rahmen eines \nAuftrags erforderlich ist. Bei der Verarbeitung der uns im Rahmen eines \nAuftrags \u00fcberlassenen Daten handeln wir entsprechend den Weisungen der \nAuftraggeber sowie der gesetzlichen Vorgaben einer Auftragsverarbeitung \ngem. Art. 28 DSGVO und verarbeiten die Daten zu keinen anderen, als den \nauftragsgem\u00e4\u00dfen Zwecken.<br>\n<br>\n Wir l\u00f6schen die Daten nach Ablauf gesetzlicher Gew\u00e4hrleistungs- und \nvergleichbarer Pflichten. die Erforderlichkeit der Aufbewahrung der \nDaten wird alle drei Jahre \u00fcberpr\u00fcft; im Fall der gesetzlichen \nArchivierungspflichten erfolgt die L\u00f6schung nach deren Ablauf (6 J, gem.\n \u00a7 257 Abs. 1 HGB, 10 J, gem. \u00a7 147 Abs. 1 AO). Im Fall von Daten, die \nuns gegen\u00fcber im Rahmen eines Auftrags durch den Auftraggeber \noffengelegt wurden, l\u00f6schen wir die Daten entsprechend den Vorgaben des \nAuftrags, grunds\u00e4tzlich nach Ende des Auftrags.<\/p>\n\n\n\n<h3 id=\"dsg-hostingprovider\">Hosting und E-Mail-Versand<\/h3>\n\n\n\n<p>Die\n von uns in Anspruch genommenen Hosting-Leistungen dienen der \nZurverf\u00fcgungstellung der folgenden Leistungen: Infrastruktur- und \nPlattformdienstleistungen, Rechenkapazit\u00e4t, Speicherplatz und \nDatenbankdienste, E-Mail-Versand, Sicherheitsleistungen sowie technische\n Wartungsleistungen, die wir zum Zwecke des Betriebs dieses \nOnlineangebotes einsetzen. <br>\n<br>\nHierbei verarbeiten wir, bzw. unser Hostinganbieter Bestandsdaten, \nKontaktdaten, Inhaltsdaten, Vertragsdaten, Nutzungsdaten, Meta- und \nKommunikationsdaten von Kunden, Interessenten und Besuchern dieses \nOnlineangebotes auf Grundlage unserer berechtigten Interessen an einer \neffizienten und sicheren Zurverf\u00fcgungstellung dieses Onlineangebotes \ngem. Art. 6 Abs. 1 lit. f DSGVO i.V.m. Art. 28 DSGVO (Abschluss \nAuftragsverarbeitungsvertrag).<\/p>\n\n\n\n<h3 id=\"dsg-logfiles\">Erhebung von Zugriffsdaten und Logfiles<\/h3>\n\n\n\n<p>Wir,\n bzw. unser Hostinganbieter, erhebt auf Grundlage unserer berechtigten \nInteressen im Sinne des Art. 6 Abs. 1 lit. f. DSGVO Daten \u00fcber jeden \nZugriff auf den Server, auf dem sich dieser Dienst befindet (sogenannte \nServerlogfiles). Zu den Zugriffsdaten geh\u00f6ren Name der abgerufenen \nWebseite, Datei, Datum und Uhrzeit des Abrufs, \u00fcbertragene Datenmenge, \nMeldung \u00fcber erfolgreichen Abruf, Browsertyp nebst Version, das \nBetriebssystem des Nutzers, Referrer URL (die zuvor besuchte Seite), \nIP-Adresse und der anfragende Provider.<br>\n<br>\nLogfile-Informationen werden aus Sicherheitsgr\u00fcnden (z.B. zur Aufkl\u00e4rung\n von Missbrauchs- oder Betrugshandlungen) f\u00fcr die Dauer von maximal 7 \nTagen gespeichert und danach gel\u00f6scht. Daten, deren weitere Aufbewahrung\n zu Beweiszwecken erforderlich ist, sind bis zur endg\u00fcltigen Kl\u00e4rung des\n jeweiligen Vorfalls von der L\u00f6schung ausgenommen.<a href=\"https:\/\/datenschutz-generator.de\" rel=\"noreferrer noopener\" target=\"_blank\">Erstellt mit Datenschutz-Generator.de von RA Dr. Thomas Schwenke<\/a><\/p>\n","protected":false},"excerpt":{"rendered":"<p>Datenschutzerkl\u00e4rung Diese Datenschutzerkl\u00e4rung kl\u00e4rt Sie \u00fcber die Art, den Umfang und Zweck der Verarbeitung von personenbezogenen Daten (nachfolgend kurz \u201eDaten\u201c) innerhalb unseres Onlineangebotes und der mit ihm verbundenen Webseiten, Funktionen und Inhalte sowie externen Onlinepr\u00e4senzen, wie z.B. unser Social Media Profile auf (nachfolgend gemeinsam bezeichnet als \u201eOnlineangebot\u201c). Im Hinblick auf die verwendeten Begrifflichkeiten, wie z.B. &hellip; <\/p>\n<p class=\"link-more\"><a href=\"https:\/\/schmiedeparadies.de\/?page_id=194\" class=\"more-link\"><span class=\"screen-reader-text\">\u201eDatenschutzerkl\u00e4rung\u201c<\/span> weiterlesen<\/a><\/p>\n","protected":false},"author":1,"featured_media":0,"parent":0,"menu_order":0,"comment_status":"closed","ping_status":"closed","template":"","meta":{"ngg_post_thumbnail":0},"_links":{"self":[{"href":"https:\/\/schmiedeparadies.de\/index.php?rest_route=\/wp\/v2\/pages\/194"}],"collection":[{"href":"https:\/\/schmiedeparadies.de\/index.php?rest_route=\/wp\/v2\/pages"}],"about":[{"href":"https:\/\/schmiedeparadies.de\/index.php?rest_route=\/wp\/v2\/types\/page"}],"author":[{"embeddable":true,"href":"https:\/\/schmiedeparadies.de\/index.php?rest_route=\/wp\/v2\/users\/1"}],"replies":[{"embeddable":true,"href":"https:\/\/schmiedeparadies.de\/index.php?rest_route=%2Fwp%2Fv2%2Fcomments&post=194"}],"version-history":[{"count":0,"href":"https:\/\/schmiedeparadies.de\/index.php?rest_route=\/wp\/v2\/pages\/194\/revisions"}],"wp:attachment":[{"href":"https:\/\/schmiedeparadies.de\/index.php?rest_route=%2Fwp%2Fv2%2Fmedia&parent=194"}],"curies":[{"name":"wp","href":"https:\/\/api.w.org\/{rel}","templated":true}]}}