{"id":172,"date":"2020-03-04T12:30:11","date_gmt":"2020-03-04T11:30:11","guid":{"rendered":"http:\/\/schmiedeparadies.de\/?page_id=172"},"modified":"2020-03-07T10:00:08","modified_gmt":"2020-03-07T09:00:08","slug":"schmiedekurse","status":"publish","type":"page","link":"https:\/\/schmiedeparadies.de\/?page_id=172","title":{"rendered":"Schmiedekurse"},"content":{"rendered":"\n<p><em><strong>Gutschein zum Verschenken<\/strong><\/em><br> (siehe Gutschein von Christine Rimkus)<\/p>\n\n\n\n<p><em><strong>F\u00fchrungen in der ParadiesSchmiede<\/strong><\/em><br>\n Eine F\u00fchrung durch die PradiesSchmiede mit dem Treffpunkt im 100 Meter \nentfernten ApfelBaumMuseum dauert ca. 2 Std. Gezeigt werden u.a. der 25 \nTonnen schwere  geschmiedeter S\u00fcdAmerikaHammer,das Ahnentelefon,die \nKussmaschine,die Afrikanische schmiede,das Mobile Schmiedelabor ,der \nlachende Amboss,das Schmiedeatelier,Teile des SchmiedeSchatzes und \nvieles mehr.<br> Preis: Auf Anfrage<br>\n F\u00fcr Kinder gibt es eine F\u00fchrung \u201eVom Erz zum Herz\u201c Dabei wird neues und\n altes Wissen der Schmiedekunst spielerisch Vermittelt. Zum Abschluss \nschmieden alle zusammen das Gl\u00fcck, nat\u00fcrlich zum Mitnehmen. Dauer ca. 1 \nStunde.<br> Preis:Auf Anfrage<br> Spezielle F\u00fchrungen und Vortr\u00e4ge,z.B.  <br> -Schmiede in Westafrika<br> &#8211; das Schmieden mit Kindern<br> -Projekte von Andreas Rimkus<br> -Der SchmiedeSchatz<br> Preis:Auf Anfrage<br><br><br><em><strong>Schnupperkurs (Glut geleckt)<\/strong><\/em><br> F\u00fcr alle die noch nie geschmiedet haben.  <br> Dauer ca. 2 Stunden.<br> Preis:Auf Anfrage<\/p>\n\n\n\n<p><em><strong>Vater-Mutter-Kind-Schmieden<\/strong><\/em><br>\n Mit der Familie etwas zusammen aus Eisen gestalten, f\u00fcr zu Hause, dem \nGarten oder als Geschenk f\u00fcr die Oma. Im IdeenGarten gibt es auch viele \nM\u00f6glichkeiten zum Grillen oder am offenen Feuer zu kochen.<br> Dauer ca. 4 Std.<br> Preis:Auf Anfrage<\/p>\n\n\n\n<p><em><strong>Schmiede-Ferien<\/strong><\/em><br> Warum in Ferne schweifen wenn das Gl\u00fcck doch so nah ist.<br> Einige Tage in der Ferien mit Schmieden zu verbringen daf\u00fcr gibt es keine APP:<br>  Lagerfeuer machen, die Schmiedeesse anfeuern, Brandzeichen machen,  Moped fahren einfach alles was ein Abenteuerurlaub so aus macht.<br>  Das Umland l\u00e4dt auch f\u00fcr Radtouren oder Spazierg\u00e4nge ein. Gastst\u00e4tten  und \u00dcbernachtungsm\u00f6glichkeiten gibt es in Springe sehr sch\u00f6ne.<br><br><br><em><strong>Heiraten in der Schmiede<\/strong><\/em><br><\/p>\n\n\n\n<p>Seit einigen Jahren ist unsere ParadiesSchmiede die Au\u00dfenstelle des Springer Standesamt.<br>  Nach der Standesamtlichen Trauung in der Schmiede, schmiedet der  Zeremonienmeister Andreas Rimkus zusammen mit dem Brautpaar das Gl\u00fcck.  Auch die Hochzeitsgesellschaft wird mit eingebunden.Mehr:  <\/p>\n\n\n\n<p>www.paradiesschmiede.de<\/p>\n\n\n\n<p><\/p>\n\n\n\n<p><em><strong>Schmieden f\u00fcr Verliebte<\/strong><\/em><br>\n Nat\u00fcrlich k\u00f6nnen Paare auch ohne bei uns zu Heiraten ihr Gl\u00fcck \nschmieden. F\u00fcr das gemeinsame Haus oder die Wohnung oder einfach nur so.<br> Preis:Auf Anfrage<\/p>\n\n\n\n<p><em><strong>Schmieden und Kochen<\/strong><\/em><br> Wer nicht nur Schmieden will, kann auf unseren Feuerstellen zusammen mit Christine Rimkus etwas zum Schmausen zubereiten.<br> Preis:Auf Anfrage<\/p>\n\n\n\n<p><em><strong>Ideenschmieden mit Vereine-Firmen-Schulklassen<\/strong><\/em><br>\n Etwas f\u00fcr die Schulklasse schmieden, oder f\u00fcr die Firma einen Feuerkorb\n f\u00fcr zuk\u00fcnftige Meetings schmieden. Das B\u00fcro soll einen speziellen \nKerzenleuchter bekommen.<br> Zusammen schmieden st\u00e4rkt das WIR GEF\u00dcHL!<br> Teambildung,das Feuer schwei\u00dft zusammen.<br> Preis:Auf Anfrage<\/p>\n\n\n\n<p><em><strong>Dammaszenerstahl-Schmieden<\/strong><\/em><br> Dieser Kurs ist nur etwas f\u00fcr Fortgeschrittene.<br> Preis:Auf Anfrage<\/p>\n\n\n\n<p><em><strong>K\u00fcchenmesser-Pilzmesser-Outdoormesser Schmieden<\/strong><\/em><br> In diesem Kurs geht es um Messer in den verschiedensten Formen und Anwendungen.<br> An zwei Tagen wird das Schmieden, das richtige Schleifen und das H\u00e4rten mit anschlie\u00dfenden Anlassen vermittelt.<br> Preis:Auf Anfrage \n\n<\/p>\n","protected":false},"excerpt":{"rendered":"<p>Gutschein zum Verschenken (siehe Gutschein von Christine Rimkus) F\u00fchrungen in der ParadiesSchmiede Eine F\u00fchrung durch die PradiesSchmiede mit dem Treffpunkt im 100 Meter entfernten ApfelBaumMuseum dauert ca. 2 Std. Gezeigt werden u.a. der 25 Tonnen schwere geschmiedeter S\u00fcdAmerikaHammer,das Ahnentelefon,die Kussmaschine,die Afrikanische schmiede,das Mobile Schmiedelabor ,der lachende Amboss,das Schmiedeatelier,Teile des SchmiedeSchatzes und vieles mehr. Preis: Auf &hellip; <\/p>\n<p class=\"link-more\"><a href=\"https:\/\/schmiedeparadies.de\/?page_id=172\" class=\"more-link\"><span class=\"screen-reader-text\">\u201eSchmiedekurse\u201c<\/span> weiterlesen<\/a><\/p>\n","protected":false},"author":1,"featured_media":93,"parent":0,"menu_order":0,"comment_status":"closed","ping_status":"closed","template":"","meta":{"ngg_post_thumbnail":0},"_links":{"self":[{"href":"https:\/\/schmiedeparadies.de\/index.php?rest_route=\/wp\/v2\/pages\/172"}],"collection":[{"href":"https:\/\/schmiedeparadies.de\/index.php?rest_route=\/wp\/v2\/pages"}],"about":[{"href":"https:\/\/schmiedeparadies.de\/index.php?rest_route=\/wp\/v2\/types\/page"}],"author":[{"embeddable":true,"href":"https:\/\/schmiedeparadies.de\/index.php?rest_route=\/wp\/v2\/users\/1"}],"replies":[{"embeddable":true,"href":"https:\/\/schmiedeparadies.de\/index.php?rest_route=%2Fwp%2Fv2%2Fcomments&post=172"}],"version-history":[{"count":0,"href":"https:\/\/schmiedeparadies.de\/index.php?rest_route=\/wp\/v2\/pages\/172\/revisions"}],"wp:featuredmedia":[{"embeddable":true,"href":"https:\/\/schmiedeparadies.de\/index.php?rest_route=\/wp\/v2\/media\/93"}],"wp:attachment":[{"href":"https:\/\/schmiedeparadies.de\/index.php?rest_route=%2Fwp%2Fv2%2Fmedia&parent=172"}],"curies":[{"name":"wp","href":"https:\/\/api.w.org\/{rel}","templated":true}]}}