{"id":225,"date":"2020-03-06T12:46:43","date_gmt":"2020-03-06T11:46:43","guid":{"rendered":"http:\/\/schmiedeparadies.de\/?page_id=225"},"modified":"2020-03-06T12:52:00","modified_gmt":"2020-03-06T11:52:00","slug":"schmiedeschatz","status":"publish","type":"page","link":"http:\/\/schmiedeparadies.de\/?page_id=225","title":{"rendered":"SchmiedeSchatz"},"content":{"rendered":"\n<p>Der SchmiedeSchatz\nbietet den Teilnehmern Einblicke in eine l\u00e4ngst vergessene Welt der\nSchmiedekunst. Seit 2013 h\u00fctet Andreas Rimkus den SchmiedeSchatz von\nJan und Siegfried Pr\u00fctz.<\/p>\n\n\n\n<p>Jan Pr\u00fctz war der\nLehrer von Andreas Rimkus und fast 20 Jahre Leiter der Schmiede an\nder Fachhochschule f\u00fcr Metallgestaltung in Hildesheim. Im\nSchmiedeSchatz befinden sich ca. 500 originale Schmiedest\u00fccke von\nJan Pr\u00fctz und bieten so den Kursteilnehmern eine einzigartige\nInspirationsquelle. \n<\/p>\n\n\n\n<p>Auch der Nachlass\nvon Siegfried Pr\u00fctz (der Vater von Jan Pr\u00fctz) steht den Teilnehmern\nVirtuell zur Ansicht bereit. \u00dcber 7000 Dateien umfasst mittlerweile\ndiese Datenbank.<\/p>\n\n\n\n<p> Bei Siegfried Pr\u00fctz handelt es sich um\neinen absoluten Schmiedevirtuosen . Er konnte mit dem Eisen gleichsam\nzeichnen und malen. Er hat handwerkliches Kulturgut geschaffen, das\nes verdient, f\u00fcr die Zukunft bewahrt zu werden.Viele seiner Arbeiten\nstehen heute unter Denkmalschutz.<\/p>\n\n\n\n<p>Mehr: <a href=\"http:\/\/www.schmiedeschatz.de\/\">www.schmiedeschatz.de<\/a><\/p>\n","protected":false},"excerpt":{"rendered":"<p>Der SchmiedeSchatz bietet den Teilnehmern Einblicke in eine l\u00e4ngst vergessene Welt der Schmiedekunst. Seit 2013 h\u00fctet Andreas Rimkus den SchmiedeSchatz von Jan und Siegfried Pr\u00fctz. Jan Pr\u00fctz war der Lehrer von Andreas Rimkus und fast 20 Jahre Leiter der Schmiede an der Fachhochschule f\u00fcr Metallgestaltung in Hildesheim. Im SchmiedeSchatz befinden sich ca. 500 originale Schmiedest\u00fccke &hellip; <\/p>\n<p class=\"link-more\"><a href=\"http:\/\/schmiedeparadies.de\/?page_id=225\" class=\"more-link\"><span class=\"screen-reader-text\">\u201eSchmiedeSchatz\u201c<\/span> weiterlesen<\/a><\/p>\n","protected":false},"author":1,"featured_media":182,"parent":0,"menu_order":0,"comment_status":"closed","ping_status":"closed","template":"","meta":{"ngg_post_thumbnail":0},"_links":{"self":[{"href":"http:\/\/schmiedeparadies.de\/index.php?rest_route=\/wp\/v2\/pages\/225"}],"collection":[{"href":"http:\/\/schmiedeparadies.de\/index.php?rest_route=\/wp\/v2\/pages"}],"about":[{"href":"http:\/\/schmiedeparadies.de\/index.php?rest_route=\/wp\/v2\/types\/page"}],"author":[{"embeddable":true,"href":"http:\/\/schmiedeparadies.de\/index.php?rest_route=\/wp\/v2\/users\/1"}],"replies":[{"embeddable":true,"href":"http:\/\/schmiedeparadies.de\/index.php?rest_route=%2Fwp%2Fv2%2Fcomments&post=225"}],"version-history":[{"count":0,"href":"http:\/\/schmiedeparadies.de\/index.php?rest_route=\/wp\/v2\/pages\/225\/revisions"}],"wp:featuredmedia":[{"embeddable":true,"href":"http:\/\/schmiedeparadies.de\/index.php?rest_route=\/wp\/v2\/media\/182"}],"wp:attachment":[{"href":"http:\/\/schmiedeparadies.de\/index.php?rest_route=%2Fwp%2Fv2%2Fmedia&parent=225"}],"curies":[{"name":"wp","href":"https:\/\/api.w.org\/{rel}","templated":true}]}}